{"id":3057,"date":"2025-04-14T10:46:55","date_gmt":"2025-04-14T09:46:55","guid":{"rendered":"https:\/\/gewerbe-schwyz.ch\/wordpress\/?page_id=3057"},"modified":"2026-02-02T16:07:55","modified_gmt":"2026-02-02T15:07:55","slug":"anmeldung-vereinsanlass","status":"publish","type":"page","link":"https:\/\/gewerbe-schwyz.ch\/wordpress\/anmeldung-vereinsanlass\/","title":{"rendered":"Anmeldung"},"content":{"rendered":"\n<h1 class=\"wp-block-heading\">D\u00e4 Gw\u00e4rbverein bsuecht sini Mitglieder \u2013 Sparkasse Schwyz<\/h1>\n\n\n\n<div style=\"height:40px\" aria-hidden=\"true\" class=\"wp-block-spacer\"><\/div>\n\n\n\n<p>\u00c4lteste Regionalbank der Schweiz, modernes Banking heute<\/p>\n\n\n\n<p>\u00dcsi Bank f\u00fcr Private und Gw\u00e4rbler<\/p>\n\n\n\n<div style=\"height:40px\" aria-hidden=\"true\" class=\"wp-block-spacer\"><\/div>\n\n\n\n<div class=\"wp-block-columns is-layout-flex wp-container-core-columns-is-layout-9d6595d7 wp-block-columns-is-layout-flex\">\n<div class=\"wp-block-column is-layout-flow wp-block-column-is-layout-flow\" style=\"flex-basis:33.33%\">\n<p><strong>Datum \/ Zeit: &nbsp;<\/strong>&nbsp;&nbsp;&nbsp;&nbsp;<\/p>\n\n\n\n<p><strong>Ort:&nbsp;&nbsp;&nbsp;<\/strong>&nbsp;&nbsp;<\/p>\n<\/div>\n\n\n\n<div class=\"wp-block-column is-layout-flow wp-block-column-is-layout-flow\" style=\"flex-basis:66.66%\">\n<p>Donnerstag, 9. April, 19 Uhr<\/p>\n\n\n\n<p>Herrengasse 23, Schwyz<\/p>\n<\/div>\n<\/div>\n\n\n\n<hr class=\"wp-block-separator has-alpha-channel-opacity\"\/>\n\n\n<p class=\"wpcf7-contact-form-not-found\"><strong>Fehler:<\/strong> Kontaktformular wurde nicht gefunden.<\/p>\n","protected":false},"excerpt":{"rendered":"<p>D\u00e4 Gw\u00e4rbverein bsuecht sini Mitglieder \u2013 Sparkasse Schwyz \u00c4lteste Regionalbank der Schweiz, modernes Banking heute \u00dcsi Bank f\u00fcr Private und Gw\u00e4rbler Datum \/ Zeit: &nbsp;&nbsp;&nbsp;&nbsp;&nbsp; Ort:&nbsp;&nbsp;&nbsp;&nbsp;&nbsp; Donnerstag, 9. April, 19 Uhr Herrengasse 23, Schwyz<\/p>\n","protected":false},"author":3,"featured_media":0,"parent":0,"menu_order":0,"comment_status":"closed","ping_status":"closed","template":"","meta":{"footnotes":""},"class_list":["post-3057","page","type-page","status-publish","hentry"],"_links":{"self":[{"href":"https:\/\/gewerbe-schwyz.ch\/wordpress\/wp-json\/wp\/v2\/pages\/3057","targetHints":{"allow":["GET"]}}],"collection":[{"href":"https:\/\/gewerbe-schwyz.ch\/wordpress\/wp-json\/wp\/v2\/pages"}],"about":[{"href":"https:\/\/gewerbe-schwyz.ch\/wordpress\/wp-json\/wp\/v2\/types\/page"}],"author":[{"embeddable":true,"href":"https:\/\/gewerbe-schwyz.ch\/wordpress\/wp-json\/wp\/v2\/users\/3"}],"replies":[{"embeddable":true,"href":"https:\/\/gewerbe-schwyz.ch\/wordpress\/wp-json\/wp\/v2\/comments?post=3057"}],"version-history":[{"count":33,"href":"https:\/\/gewerbe-schwyz.ch\/wordpress\/wp-json\/wp\/v2\/pages\/3057\/revisions"}],"predecessor-version":[{"id":3164,"href":"https:\/\/gewerbe-schwyz.ch\/wordpress\/wp-json\/wp\/v2\/pages\/3057\/revisions\/3164"}],"wp:attachment":[{"href":"https:\/\/gewerbe-schwyz.ch\/wordpress\/wp-json\/wp\/v2\/media?parent=3057"}],"curies":[{"name":"wp","href":"https:\/\/api.w.org\/{rel}","templated":true}]}}